{"id":3351,"date":"2025-06-13T06:06:40","date_gmt":"2025-06-13T06:06:40","guid":{"rendered":"https:\/\/www.hongyiplastic.com\/?post_type=product&#038;p=3351"},"modified":"2025-06-27T02:23:03","modified_gmt":"2025-06-27T02:23:03","slug":"thin-film-products","status":"publish","type":"product","link":"https:\/\/www.hongyiplastic.com\/es\/producto\/thin-film-products\/","title":{"rendered":"Pel\u00edculas agr\u00edcolas y de embalaje"},"content":{"rendered":"<p>Soluciones vers\u00e1tiles en pel\u00edculas pl\u00e1sticas para la agricultura, la industria y el uso cotidiano<\/p>\n<p>Proporcionamos una completa cartera de soluciones de polietileno y pel\u00edculas especiales adaptadas a las necesidades de la agricultura, la industria y las aplicaciones cotidianas en todo el mundo.<\/p>\n<p>Nuestras principales categor\u00edas de productos:<\/p>\n<ul>\n<li>Pel\u00edcula para empacado de pacas<br \/>\nPel\u00edculas estirables multicapa para el empacado de ensilado y forraje. Dise\u00f1adas para garantizar un sellado herm\u00e9tico, preservar el valor nutricional y prolongar la vida \u00fatil del almacenamiento.<\/li>\n<li>L\u00e1mina de mantillo y revestimientos para estanques<br \/>\nDisponibles en blanco, negro y bicolor. Ideales para la retenci\u00f3n de humedad del suelo, regulaci\u00f3n t\u00e9rmica, control de maleza y revestimiento en piscicultura.<\/li>\n<li>Bolsas de almacenamiento para grano y ensilado<br \/>\nBolsas de PE duraderas para almacenamiento prolongado en exteriores. Reforzadas para resistir perforaciones y ofrecer un sellado superior.<\/li>\n<li>Film alimentario y papel aluminio<br \/>\nPel\u00edculas de embalaje alimentario para uso dom\u00e9stico y comercial, que mejoran la conservaci\u00f3n, higiene y vida \u00fatil.<\/li>\n<li>Bolsas biodegradables tipo camiseta<br \/>\nFabricadas con PLA, PBAT o PE biodegradable. Certificadas como compostables, ideales para envases de un solo uso en tiendas o servicios alimentarios.<\/li>\n<li>Film retr\u00e1ctil para construcci\u00f3n<br \/>\nPel\u00edculas retr\u00e1ctiles resistentes para cercar andamios, proteger equipos y contener condiciones clim\u00e1ticas extremas.<\/li>\n<\/ul>\n<p>Por qu\u00e9 elegirnos:<\/p>\n<p>Contamos con l\u00edneas avanzadas de extrusi\u00f3n y un sistema de gesti\u00f3n de calidad reconocido globalmente. Nuestros productos de pel\u00edcula gozan de la confianza de clientes en todo el mundo gracias a su rendimiento constante, fiabilidad y sostenibilidad.<\/p>\n<p>Invertimos continuamente en el desarrollo de materiales f\u00edlmicos sostenibles y de alto rendimiento, combinando la innovaci\u00f3n t\u00e9cnica con la utilidad en el mundo real.<\/p>\n<p>Todas las soluciones de film est\u00e1n disponibles con especificaciones a medida en cuanto a grosor, anchura, color, propiedades de rendimiento y aditivos funcionales.<\/p>\n<p><em><i>Por motivos de espacio, este contenido representa solo un resumen de nuestra gama de pel\u00edculas. Para fichas t\u00e9cnicas, muestras o desarrollo personalizado, p\u00f3ngase en contacto con nuestro equipo.<\/i><\/em><\/p>","protected":false},"excerpt":{"rendered":"<p>Pel\u00edculas estirables de polietileno para cobertura de ensilado, almacenamiento de granos y aplicaciones de retracci\u00f3n.<\/p>","protected":false},"featured_media":3352,"comment_status":"open","ping_status":"closed","template":"","meta":{"_seopress_robots_primary_cat":"","_seopress_titles_title":"","_seopress_titles_desc":"","_seopress_robots_index":"","_uag_custom_page_level_css":"","site-sidebar-layout":"default","site-content-layout":"","ast-site-content-layout":"default","site-content-style":"default","site-sidebar-style":"default","ast-global-header-display":"","ast-banner-title-visibility":"","ast-main-header-display":"","ast-hfb-above-header-display":"","ast-hfb-below-header-display":"","ast-hfb-mobile-header-display":"","site-post-title":"","ast-breadcrumbs-content":"","ast-featured-img":"","footer-sml-layout":"","theme-transparent-header-meta":"default","adv-header-id-meta":"","stick-header-meta":"","header-above-stick-meta":"","header-main-stick-meta":"","header-below-stick-meta":"","astra-migrate-meta-layouts":"set","ast-page-background-enabled":"default","ast-page-background-meta":{"desktop":{"background-color":"","background-image":"","background-repeat":"repeat","background-position":"center center","background-size":"auto","background-attachment":"scroll","background-type":"","background-media":"","overlay-type":"","overlay-color":"","overlay-opacity":"","overlay-gradient":""},"tablet":{"background-color":"","background-image":"","background-repeat":"repeat","background-position":"center center","background-size":"auto","background-attachment":"scroll","background-type":"","background-media":"","overlay-type":"","overlay-color":"","overlay-opacity":"","overlay-gradient":""},"mobile":{"background-color":"","background-image":"","background-repeat":"repeat","background-position":"center center","background-size":"auto","background-attachment":"scroll","background-type":"","background-media":"","overlay-type":"","overlay-color":"","overlay-opacity":"","overlay-gradient":""}},"ast-content-background-meta":{"desktop":{"background-color":"var(--ast-global-color-5)","background-image":"","background-repeat":"repeat","background-position":"center center","background-size":"auto","background-attachment":"scroll","background-type":"","background-media":"","overlay-type":"","overlay-color":"","overlay-opacity":"","overlay-gradient":""},"tablet":{"background-color":"var(--ast-global-color-5)","background-image":"","background-repeat":"repeat","background-position":"center center","background-size":"auto","background-attachment":"scroll","background-type":"","background-media":"","overlay-type":"","overlay-color":"","overlay-opacity":"","overlay-gradient":""},"mobile":{"background-color":"var(--ast-global-color-5)","background-image":"","background-repeat":"repeat","background-position":"center center","background-size":"auto","background-attachment":"scroll","background-type":"","background-media":"","overlay-type":"","overlay-color":"","overlay-opacity":"","overlay-gradient":""}}},"product_brand":[],"product_cat":[62],"product_tag":[],"class_list":{"0":"post-3351","1":"product","2":"type-product","3":"status-publish","4":"has-post-thumbnail","6":"product_cat-products","7":"desktop-align-left","8":"tablet-align-left","9":"mobile-align-left","11":"first","12":"instock","13":"shipping-taxable","14":"product-type-simple"},"uagb_featured_image_src":{"full":["https:\/\/www.hongyiplastic.com\/wp-content\/uploads\/2025\/06\/bale-wrap-1.jpg",1200,800,false],"thumbnail":["https:\/\/www.hongyiplastic.com\/wp-content\/uploads\/2025\/06\/bale-wrap-1-150x150.jpg",150,150,true],"medium":["https:\/\/www.hongyiplastic.com\/wp-content\/uploads\/2025\/06\/bale-wrap-1-300x200.jpg",300,200,true],"medium_large":["https:\/\/www.hongyiplastic.com\/wp-content\/uploads\/2025\/06\/bale-wrap-1-768x512.jpg",768,512,true],"large":["https:\/\/www.hongyiplastic.com\/wp-content\/uploads\/2025\/06\/bale-wrap-1-1024x683.jpg",1024,683,true],"1536x1536":["https:\/\/www.hongyiplastic.com\/wp-content\/uploads\/2025\/06\/bale-wrap-1.jpg",1200,800,false],"2048x2048":["https:\/\/www.hongyiplastic.com\/wp-content\/uploads\/2025\/06\/bale-wrap-1.jpg",1200,800,false],"trp-custom-language-flag":["https:\/\/www.hongyiplastic.com\/wp-content\/uploads\/2025\/06\/bale-wrap-1-18x12.jpg",18,12,true],"woocommerce_thumbnail":["https:\/\/www.hongyiplastic.com\/wp-content\/uploads\/2025\/06\/bale-wrap-1-300x300.jpg",300,300,true],"woocommerce_single":["https:\/\/www.hongyiplastic.com\/wp-content\/uploads\/2025\/06\/bale-wrap-1-600x400.jpg",600,400,true],"woocommerce_gallery_thumbnail":["https:\/\/www.hongyiplastic.com\/wp-content\/uploads\/2025\/06\/bale-wrap-1-100x100.jpg",100,100,true]},"uagb_author_info":{"display_name":"HongYi Insights","author_link":"https:\/\/www.hongyiplastic.com\/es\/author\/"},"uagb_comment_info":0,"uagb_excerpt":"Stretchable PE films for silage cover, grain storage, and shrink wrapping.","_links":{"self":[{"href":"https:\/\/www.hongyiplastic.com\/es\/wp-json\/wp\/v2\/product\/3351","targetHints":{"allow":["GET"]}}],"collection":[{"href":"https:\/\/www.hongyiplastic.com\/es\/wp-json\/wp\/v2\/product"}],"about":[{"href":"https:\/\/www.hongyiplastic.com\/es\/wp-json\/wp\/v2\/types\/product"}],"replies":[{"embeddable":true,"href":"https:\/\/www.hongyiplastic.com\/es\/wp-json\/wp\/v2\/comments?post=3351"}],"wp:featuredmedia":[{"embeddable":true,"href":"https:\/\/www.hongyiplastic.com\/es\/wp-json\/wp\/v2\/media\/3352"}],"wp:attachment":[{"href":"https:\/\/www.hongyiplastic.com\/es\/wp-json\/wp\/v2\/media?parent=3351"}],"wp:term":[{"taxonomy":"product_brand","embeddable":true,"href":"https:\/\/www.hongyiplastic.com\/es\/wp-json\/wp\/v2\/product_brand?post=3351"},{"taxonomy":"product_cat","embeddable":true,"href":"https:\/\/www.hongyiplastic.com\/es\/wp-json\/wp\/v2\/product_cat?post=3351"},{"taxonomy":"product_tag","embeddable":true,"href":"https:\/\/www.hongyiplastic.com\/es\/wp-json\/wp\/v2\/product_tag?post=3351"}],"curies":[{"name":"wp","href":"https:\/\/api.w.org\/{rel}","templated":true}]}}