{"id":3464,"date":"2025-06-13T08:38:07","date_gmt":"2025-06-13T08:38:07","guid":{"rendered":"https:\/\/www.hongyiplastic.com\/?post_type=product&#038;p=3464"},"modified":"2025-06-27T02:18:32","modified_gmt":"2025-06-27T02:18:32","slug":"plastic-woven-bag","status":"publish","type":"product","link":"https:\/\/www.hongyiplastic.com\/es\/producto\/plastic-woven-bag\/","title":{"rendered":"Bolsas tejidas de polipropileno (PP) y FIBCs"},"content":{"rendered":"<p><strong><b>Bolsas tejidas y FIBC de PP<\/b><\/strong><\/p>\n<p><strong><b>Envases a granel certificados para uso alimentario, qu\u00edmico e industrial<\/b><\/strong><\/p>\n<p>Fabricamos bolsas tejidas de polipropileno (PP) de alto rendimiento y contenedores flexibles intermedios a granel (FIBCs), dise\u00f1ados para ofrecer un envasado eficiente y seguro de ingredientes alimentarios, productos qu\u00edmicos, productos agr\u00edcolas y soluciones log\u00edsticas.<\/p>\n<p>Nuestras soluciones, certificadas tanto para el envasado de alimentos como de mercanc\u00edas peligrosas, cuentan con la confianza de reconocidos productores mundiales de glutamato monos\u00f3dico, \u00e1cido c\u00edtrico, nitrato de amonio y m\u00e1s.<\/p>\n<p><strong><b>Caracter\u00edsticas principales:<\/b><\/strong><\/p>\n<ul>\n<li>FIBCs de tipo A, B, C y D para usos est\u00e1ndar, conductivos y antiest\u00e1ticos<\/li>\n<li>Bolsas con certificaci\u00f3n de la ONU para materiales peligrosos<\/li>\n<li>Producci\u00f3n en salas blancas aptas para alimentos<\/li>\n<li>Opciones con o sin recubrimiento, resistentes a la humedad, los rayos UV y el polvo<\/li>\n<li>Tama\u00f1os, revestimientos, bucles y dise\u00f1os de descarga personalizados<\/li>\n<li><b><\/b><strong><b>Impresi\u00f3n de alta calidad en hasta 9 colores para envases personalizados<\/b><\/strong><\/li>\n<\/ul>\n<p>Con m\u00e1s de 20 a\u00f1os de experiencia, equipos de fabricaci\u00f3n de primer nivel y un s\u00f3lido sistema de gesti\u00f3n, ofrecemos productos y servicios confiables, puntuales y eficientes a nuestros clientes de todo el mundo. Este compromiso es la base de la confianza que hemos construido con importadores internacionales.<\/p>\n<p><em><i>\u00bfEst\u00e1 buscando soluciones de envasado personalizadas o documentaci\u00f3n normativa? Cont\u00e1ctenos para comenzar.<\/i><\/em><\/p>","protected":false},"excerpt":{"rendered":"<p>Bolsas tejidas de polipropileno (PP) de alta resistencia para el envasado de granos, semillas, fertilizantes y productos qu\u00edmicos.<\/p>","protected":false},"featured_media":4099,"comment_status":"open","ping_status":"closed","template":"","meta":{"_seopress_robots_primary_cat":"","_seopress_titles_title":"","_seopress_titles_desc":"","_seopress_robots_index":"","_uag_custom_page_level_css":"","site-sidebar-layout":"default","site-content-layout":"","ast-site-content-layout":"default","site-content-style":"default","site-sidebar-style":"default","ast-global-header-display":"","ast-banner-title-visibility":"","ast-main-header-display":"","ast-hfb-above-header-display":"","ast-hfb-below-header-display":"","ast-hfb-mobile-header-display":"","site-post-title":"","ast-breadcrumbs-content":"","ast-featured-img":"","footer-sml-layout":"","theme-transparent-header-meta":"default","adv-header-id-meta":"","stick-header-meta":"","header-above-stick-meta":"","header-main-stick-meta":"","header-below-stick-meta":"","astra-migrate-meta-layouts":"set","ast-page-background-enabled":"default","ast-page-background-meta":{"desktop":{"background-color":"","background-image":"","background-repeat":"repeat","background-position":"center center","background-size":"auto","background-attachment":"scroll","background-type":"","background-media":"","overlay-type":"","overlay-color":"","overlay-opacity":"","overlay-gradient":""},"tablet":{"background-color":"","background-image":"","background-repeat":"repeat","background-position":"center center","background-size":"auto","background-attachment":"scroll","background-type":"","background-media":"","overlay-type":"","overlay-color":"","overlay-opacity":"","overlay-gradient":""},"mobile":{"background-color":"","background-image":"","background-repeat":"repeat","background-position":"center center","background-size":"auto","background-attachment":"scroll","background-type":"","background-media":"","overlay-type":"","overlay-color":"","overlay-opacity":"","overlay-gradient":""}},"ast-content-background-meta":{"desktop":{"background-color":"var(--ast-global-color-5)","background-image":"","background-repeat":"repeat","background-position":"center center","background-size":"auto","background-attachment":"scroll","background-type":"","background-media":"","overlay-type":"","overlay-color":"","overlay-opacity":"","overlay-gradient":""},"tablet":{"background-color":"var(--ast-global-color-5)","background-image":"","background-repeat":"repeat","background-position":"center center","background-size":"auto","background-attachment":"scroll","background-type":"","background-media":"","overlay-type":"","overlay-color":"","overlay-opacity":"","overlay-gradient":""},"mobile":{"background-color":"var(--ast-global-color-5)","background-image":"","background-repeat":"repeat","background-position":"center center","background-size":"auto","background-attachment":"scroll","background-type":"","background-media":"","overlay-type":"","overlay-color":"","overlay-opacity":"","overlay-gradient":""}}},"product_brand":[],"product_cat":[62],"product_tag":[],"class_list":{"0":"post-3464","1":"product","2":"type-product","3":"status-publish","4":"has-post-thumbnail","6":"product_cat-products","7":"desktop-align-left","8":"tablet-align-left","9":"mobile-align-left","11":"first","12":"instock","13":"shipping-taxable","14":"product-type-simple"},"uagb_featured_image_src":{"full":["https:\/\/www.hongyiplastic.com\/wp-content\/uploads\/2025\/06\/iStock-1131521039-1.jpg",1200,900,false],"thumbnail":["https:\/\/www.hongyiplastic.com\/wp-content\/uploads\/2025\/06\/iStock-1131521039-1-150x150.jpg",150,150,true],"medium":["https:\/\/www.hongyiplastic.com\/wp-content\/uploads\/2025\/06\/iStock-1131521039-1-300x225.jpg",300,225,true],"medium_large":["https:\/\/www.hongyiplastic.com\/wp-content\/uploads\/2025\/06\/iStock-1131521039-1-768x576.jpg",768,576,true],"large":["https:\/\/www.hongyiplastic.com\/wp-content\/uploads\/2025\/06\/iStock-1131521039-1-1024x768.jpg",1024,768,true],"1536x1536":["https:\/\/www.hongyiplastic.com\/wp-content\/uploads\/2025\/06\/iStock-1131521039-1.jpg",1200,900,false],"2048x2048":["https:\/\/www.hongyiplastic.com\/wp-content\/uploads\/2025\/06\/iStock-1131521039-1.jpg",1200,900,false],"trp-custom-language-flag":["https:\/\/www.hongyiplastic.com\/wp-content\/uploads\/2025\/06\/iStock-1131521039-1-16x12.jpg",16,12,true],"woocommerce_thumbnail":["https:\/\/www.hongyiplastic.com\/wp-content\/uploads\/2025\/06\/iStock-1131521039-1-300x300.jpg",300,300,true],"woocommerce_single":["https:\/\/www.hongyiplastic.com\/wp-content\/uploads\/2025\/06\/iStock-1131521039-1-600x450.jpg",600,450,true],"woocommerce_gallery_thumbnail":["https:\/\/www.hongyiplastic.com\/wp-content\/uploads\/2025\/06\/iStock-1131521039-1-100x100.jpg",100,100,true]},"uagb_author_info":{"display_name":"HongYi Insights","author_link":"https:\/\/www.hongyiplastic.com\/es\/author\/"},"uagb_comment_info":0,"uagb_excerpt":"High-strength woven PP bags for grains, seeds, fertilizers, and chemicals.","_links":{"self":[{"href":"https:\/\/www.hongyiplastic.com\/es\/wp-json\/wp\/v2\/product\/3464","targetHints":{"allow":["GET"]}}],"collection":[{"href":"https:\/\/www.hongyiplastic.com\/es\/wp-json\/wp\/v2\/product"}],"about":[{"href":"https:\/\/www.hongyiplastic.com\/es\/wp-json\/wp\/v2\/types\/product"}],"replies":[{"embeddable":true,"href":"https:\/\/www.hongyiplastic.com\/es\/wp-json\/wp\/v2\/comments?post=3464"}],"wp:featuredmedia":[{"embeddable":true,"href":"https:\/\/www.hongyiplastic.com\/es\/wp-json\/wp\/v2\/media\/4099"}],"wp:attachment":[{"href":"https:\/\/www.hongyiplastic.com\/es\/wp-json\/wp\/v2\/media?parent=3464"}],"wp:term":[{"taxonomy":"product_brand","embeddable":true,"href":"https:\/\/www.hongyiplastic.com\/es\/wp-json\/wp\/v2\/product_brand?post=3464"},{"taxonomy":"product_cat","embeddable":true,"href":"https:\/\/www.hongyiplastic.com\/es\/wp-json\/wp\/v2\/product_cat?post=3464"},{"taxonomy":"product_tag","embeddable":true,"href":"https:\/\/www.hongyiplastic.com\/es\/wp-json\/wp\/v2\/product_tag?post=3464"}],"curies":[{"name":"wp","href":"https:\/\/api.w.org\/{rel}","templated":true}]}}